{"id":20,"date":"2021-09-26T17:11:00","date_gmt":"2021-09-26T17:11:00","guid":{"rendered":"http:\/\/medical-jobs.info\/?page_id=20"},"modified":"2021-09-26T12:13:29","modified_gmt":"2021-09-26T12:13:29","slug":"medical-jobs-info-herzlich-willkommen","status":"publish","type":"page","link":"https:\/\/medical-jobs.info\/","title":{"rendered":"medical-jobs.info                        Herzlich willkommen!"},"content":{"rendered":"\n<p><em>unser Motto&nbsp;&nbsp; <br>Bei der Suche nach neuen Aufgaben in medizinischen Berufen unb\u00fcrokratisch und professionell zu helfen!<\/em><br><strong>Portal f\u00fcr \u00c4rzte, Krankenschwester,&nbsp; Krankenpfleger, medizinische Fachangestellte, Altenpfleger\/-innen, Physiotherapeuten, Ergotherapeuten<\/strong><\/p>\n\n\n\n<h2 class=\"wp-block-heading\">\u00c4rzte<\/h2>\n\n\n\n<figure class=\"wp-block-image is-resized\"><img loading=\"lazy\" decoding=\"async\" src=\"https:\/\/medical-jobs.info\/wp-content\/uploads\/2018\/10\/Arzt.jpg\" alt=\"\" class=\"wp-image-28\" width=\"303\" height=\"254\" srcset=\"https:\/\/medical-jobs.info\/wp-content\/uploads\/2018\/10\/Arzt.jpg 366w, https:\/\/medical-jobs.info\/wp-content\/uploads\/2018\/10\/Arzt-300x251.jpg 300w\" sizes=\"auto, (max-width: 303px) 85vw, 303px\" \/><figcaption>          <br><\/figcaption><\/figure>\n\n\n\n<h2 class=\"wp-block-heading\">Physiotherapeuten, Ergotherapeuten<\/h2>\n\n\n\n<p><\/p>\n\n\n\n<figure class=\"wp-block-image\"><img loading=\"lazy\" decoding=\"async\" width=\"300\" height=\"200\" src=\"https:\/\/medical-jobs.info\/wp-content\/uploads\/2018\/10\/Massage-Fotolia_42302124_XS-1-300x200.jpg\" alt=\"\" class=\"wp-image-36\" srcset=\"https:\/\/medical-jobs.info\/wp-content\/uploads\/2018\/10\/Massage-Fotolia_42302124_XS-1-300x200.jpg 300w, https:\/\/medical-jobs.info\/wp-content\/uploads\/2018\/10\/Massage-Fotolia_42302124_XS-1.jpg 424w\" sizes=\"auto, (max-width: 300px) 85vw, 300px\" \/><\/figure>\n\n\n\n<p> <\/p>\n\n\n\n<h2 class=\"wp-block-heading\">Pflegeberufe<\/h2>\n\n\n\n<figure class=\"wp-block-image\"><img loading=\"lazy\" decoding=\"async\" width=\"300\" height=\"207\" src=\"https:\/\/medical-jobs.info\/wp-content\/uploads\/2018\/10\/care-3031259_1920-1-300x207.jpg\" alt=\"\" class=\"wp-image-23\" srcset=\"https:\/\/medical-jobs.info\/wp-content\/uploads\/2018\/10\/care-3031259_1920-1-300x207.jpg 300w, https:\/\/medical-jobs.info\/wp-content\/uploads\/2018\/10\/care-3031259_1920-1-768x530.jpg 768w, https:\/\/medical-jobs.info\/wp-content\/uploads\/2018\/10\/care-3031259_1920-1-1024x707.jpg 1024w, https:\/\/medical-jobs.info\/wp-content\/uploads\/2018\/10\/care-3031259_1920-1.jpg 1920w\" sizes=\"auto, (max-width: 300px) 85vw, 300px\" \/><\/figure>\n","protected":false},"excerpt":{"rendered":"<p>unser Motto&nbsp;&nbsp; Bei der Suche nach neuen Aufgaben in medizinischen Berufen unb\u00fcrokratisch und professionell zu helfen!Portal f\u00fcr \u00c4rzte, Krankenschwester,&nbsp; Krankenpfleger, medizinische Fachangestellte, Altenpfleger\/-innen, Physiotherapeuten, Ergotherapeuten \u00c4rzte Physiotherapeuten, Ergotherapeuten Pflegeberufe<\/p>\n","protected":false},"author":1,"featured_media":0,"parent":0,"menu_order":0,"comment_status":"closed","ping_status":"closed","template":"","meta":{"footnotes":""},"class_list":["post-20","page","type-page","status-publish","hentry"],"_links":{"self":[{"href":"https:\/\/medical-jobs.info\/index.php?rest_route=\/wp\/v2\/pages\/20","targetHints":{"allow":["GET"]}}],"collection":[{"href":"https:\/\/medical-jobs.info\/index.php?rest_route=\/wp\/v2\/pages"}],"about":[{"href":"https:\/\/medical-jobs.info\/index.php?rest_route=\/wp\/v2\/types\/page"}],"author":[{"embeddable":true,"href":"https:\/\/medical-jobs.info\/index.php?rest_route=\/wp\/v2\/users\/1"}],"replies":[{"embeddable":true,"href":"https:\/\/medical-jobs.info\/index.php?rest_route=%2Fwp%2Fv2%2Fcomments&post=20"}],"version-history":[{"count":7,"href":"https:\/\/medical-jobs.info\/index.php?rest_route=\/wp\/v2\/pages\/20\/revisions"}],"predecessor-version":[{"id":96,"href":"https:\/\/medical-jobs.info\/index.php?rest_route=\/wp\/v2\/pages\/20\/revisions\/96"}],"wp:attachment":[{"href":"https:\/\/medical-jobs.info\/index.php?rest_route=%2Fwp%2Fv2%2Fmedia&parent=20"}],"curies":[{"name":"wp","href":"https:\/\/api.w.org\/{rel}","templated":true}]}}